{"id":462,"date":"2016-06-28T15:09:39","date_gmt":"2016-06-28T15:09:39","guid":{"rendered":"http:\/\/www.fiestaclasica.org\/fr\/?page_id=462"},"modified":"2016-08-15T19:20:50","modified_gmt":"2016-08-15T19:20:50","slug":"la-ville-colonial","status":"publish","type":"page","link":"https:\/\/www.fiestaclasica.org\/fr\/la-ville-colonial\/","title":{"rendered":"La Ville Coloniale"},"content":{"rendered":"[vc_row center_row=\u00a0\u00bbyes\u00a0\u00bb css=\u00a0\u00bb.vc_custom_1461269721710{background-color: #e0e3e4 !important;}\u00a0\u00bb el_id=\u00a0\u00bbintro\u00a0\u00bb][vc_column][vc_column_text el_class=\u00a0\u00bbintro-home\u00a0\u00bb]\n<div class=\"csRow\">\n<div class=\"csColumnGap\" style=\"margin: 0px; padding: 0px; float: left; width: 1.56%;\"><img decoding=\"async\" style=\"border: none;\" src=\"http:\/\/www.fiestaclasica.org\/wp-content\/plugins\/advanced-wp-columns\/assets\/js\/plugins\/views\/img\/1x1-pixel.png\" alt=\"\" \/><\/div>\n<div class=\"csColumn\" style=\"margin: 0px; padding: 0px; float: left; width: 45.6%;\" data-csstartpoint=\"15\" data-csendpoint=\"452.5\" data-cswidth=\"45.6%\" data-csid=\"51976873-8bf7-d473-8446-050be22320d4\">\n<p style=\"text-align: justify;\">Parce que ce fut l\u00e0 que d\u00e9barqua Christophe Colomb, la ville de Saint Domingue, capitale de la R\u00e9publique Dominicaine abrite une des plus belles zones coloniales (intra muros) des Am\u00e9riques. Compos\u00e9e de nombreux b\u00e2timents\u00a0des XVI\u00ba et XVII\u00ba si\u00e8cles elle enchante les visiteurs qui viennent ici du monde entier. Parmi les \u00e9difices embl\u00e9matiques, nous retiendrons la Cath\u00e9drale Primada des Am\u00e9riques, l\u2019Alcazar de Diego Colomb, la forteresse Ozama ainsi que les nombreuses \u00e9glises telles le Couvent des Dominicains, l\u2019\u00e9glise Regina Angelorum etc\u2026<\/p>\n<p style=\"text-align: justify;\">Class\u00e9e depuis 1990 par l\u2019UNESCO au patrimoine mondial de l\u2019humanit\u00e9, la Zone Coloniale fait l\u2019objet ces temps-ci d\u2019une vaste op\u00e9ration de r\u00e9novation financ\u00e9e en partie par la BID (Banque Inter-Am\u00e9ricaine de D\u00e9veloppement) qui vise \u00e0 convertir certaines rues en espaces pi\u00e9tonniers. Par ailleurs des initiatives individuelles oeuvrent \u00e0 la r\u00e9novation de propri\u00e9t\u00e9s priv\u00e9es sous le contr\u00f4le des architectes des monuments historiques.<\/p>\n<\/div>\n<div class=\"csColumnGap\" style=\"margin: 0px; padding: 0px; float: left; width: 5.73%;\"><img decoding=\"async\" style=\"border: none;\" src=\"http:\/\/www.fiestaclasica.org\/wp-content\/plugins\/advanced-wp-columns\/assets\/js\/plugins\/views\/img\/1x1-pixel.png\" alt=\"\" \/><\/div>\n<div class=\"csColumn\" style=\"margin: 0px; padding: 0px; float: left; width: 45.6%;\" data-csstartpoint=\"507.5\" data-csendpoint=\"945\" data-cswidth=\"45.6%\" data-csid=\"e6e80303-56d3-9d7c-9e57-d1edb7b81aa9\">\n<div class=\"videotube\"><iframe loading=\"lazy\" src=\"\/\/www.youtube.com\/embed\/wmxmTTLunP0\" width=\"460\" height=\"380\" allowfullscreen=\"allowfullscreen\"><\/iframe><\/div>\n<p style=\"text-align: justify;\">Un des charmes de la Ville\u00a0Coloniale est certainement d\u2019avoir conserv\u00e9 une grande partie de ses habitants qui en font un lieu particuli\u00e8rement vivant et anim\u00e9.<\/p>\n<\/div>\n<\/div>\n[\/vc_column_text]<div class=\"vcex-image-grid-wrap wpex-clr\"><div class=\"vcex-module vcex-image-grid grid-style-default wpex-row wpex-clr wpex-lightbox-group\"><div class=\"id-3965 vcex-image-grid-entry vcex-grid-item textcenter span_1_of_3 col col-1\"><figure class=\"vcex-image-grid-entry-figure wpex-last-mb-0 wpex-clr\"><div class=\"vcex-image-grid-entry-img entry-media wpex-mb-20\"><a href=\"https:\/\/www.fiestaclasica.org\/wp-content\/uploads\/2016\/04\/FC-Site-Zona-1.jpg\" class=\"vcex-image-grid-entry-link wpex-lightbox-group-item\" ><img width=\"847\" height=\"565\" src=\"https:\/\/www.fiestaclasica.org\/wp-content\/uploads\/2016\/04\/FC-Site-Zona-1.jpg\" class=\"wpex-align-middle\" alt=\"\" decoding=\"async\" loading=\"lazy\" srcset=\"https:\/\/www.fiestaclasica.org\/wp-content\/uploads\/2016\/04\/FC-Site-Zona-1.jpg 847w, https:\/\/www.fiestaclasica.org\/wp-content\/uploads\/2016\/04\/FC-Site-Zona-1-300x200.jpg 300w, https:\/\/www.fiestaclasica.org\/wp-content\/uploads\/2016\/04\/FC-Site-Zona-1-768x512.jpg 768w\" sizes=\"(max-width: 847px) 100vw, 847px\" \/><\/a><\/div><\/figure><\/div><div class=\"id-3967 vcex-image-grid-entry vcex-grid-item textcenter span_1_of_3 col col-2\"><figure class=\"vcex-image-grid-entry-figure wpex-last-mb-0 wpex-clr\"><div class=\"vcex-image-grid-entry-img entry-media wpex-mb-20\"><a href=\"https:\/\/www.fiestaclasica.org\/wp-content\/uploads\/2016\/04\/FC-Site-Zona-2.jpg\" class=\"vcex-image-grid-entry-link wpex-lightbox-group-item\" ><img width=\"847\" height=\"565\" src=\"https:\/\/www.fiestaclasica.org\/wp-content\/uploads\/2016\/04\/FC-Site-Zona-2.jpg\" class=\"wpex-align-middle\" alt=\"\" decoding=\"async\" loading=\"lazy\" srcset=\"https:\/\/www.fiestaclasica.org\/wp-content\/uploads\/2016\/04\/FC-Site-Zona-2.jpg 847w, https:\/\/www.fiestaclasica.org\/wp-content\/uploads\/2016\/04\/FC-Site-Zona-2-300x200.jpg 300w, https:\/\/www.fiestaclasica.org\/wp-content\/uploads\/2016\/04\/FC-Site-Zona-2-768x512.jpg 768w\" sizes=\"(max-width: 847px) 100vw, 847px\" \/><\/a><\/div><\/figure><\/div><div class=\"id-3969 vcex-image-grid-entry vcex-grid-item textcenter span_1_of_3 col col-3\"><figure class=\"vcex-image-grid-entry-figure wpex-last-mb-0 wpex-clr\"><div class=\"vcex-image-grid-entry-img entry-media wpex-mb-20\"><a href=\"https:\/\/www.fiestaclasica.org\/wp-content\/uploads\/2016\/04\/FC-Site-Zona-3.jpg\" class=\"vcex-image-grid-entry-link wpex-lightbox-group-item\" ><img width=\"847\" height=\"565\" src=\"https:\/\/www.fiestaclasica.org\/wp-content\/uploads\/2016\/04\/FC-Site-Zona-3.jpg\" class=\"wpex-align-middle\" alt=\"\" decoding=\"async\" loading=\"lazy\" srcset=\"https:\/\/www.fiestaclasica.org\/wp-content\/uploads\/2016\/04\/FC-Site-Zona-3.jpg 847w, https:\/\/www.fiestaclasica.org\/wp-content\/uploads\/2016\/04\/FC-Site-Zona-3-300x200.jpg 300w, https:\/\/www.fiestaclasica.org\/wp-content\/uploads\/2016\/04\/FC-Site-Zona-3-768x512.jpg 768w\" sizes=\"(max-width: 847px) 100vw, 847px\" \/><\/a><\/div><\/figure><\/div><div class=\"id-3971 vcex-image-grid-entry vcex-grid-item textcenter span_1_of_3 col col-1\"><figure class=\"vcex-image-grid-entry-figure wpex-last-mb-0 wpex-clr\"><div class=\"vcex-image-grid-entry-img entry-media wpex-mb-20\"><a href=\"https:\/\/www.fiestaclasica.org\/wp-content\/uploads\/2016\/04\/FC-Site-Zona-4.jpg\" class=\"vcex-image-grid-entry-link wpex-lightbox-group-item\" ><img width=\"849\" height=\"564\" src=\"https:\/\/www.fiestaclasica.org\/wp-content\/uploads\/2016\/04\/FC-Site-Zona-4.jpg\" class=\"wpex-align-middle\" alt=\"\" decoding=\"async\" loading=\"lazy\" srcset=\"https:\/\/www.fiestaclasica.org\/wp-content\/uploads\/2016\/04\/FC-Site-Zona-4.jpg 849w, https:\/\/www.fiestaclasica.org\/wp-content\/uploads\/2016\/04\/FC-Site-Zona-4-300x199.jpg 300w, https:\/\/www.fiestaclasica.org\/wp-content\/uploads\/2016\/04\/FC-Site-Zona-4-768x510.jpg 768w\" sizes=\"(max-width: 849px) 100vw, 849px\" \/><\/a><\/div><\/figure><\/div><div class=\"id-3973 vcex-image-grid-entry vcex-grid-item textcenter span_1_of_3 col col-2\"><figure class=\"vcex-image-grid-entry-figure wpex-last-mb-0 wpex-clr\"><div class=\"vcex-image-grid-entry-img entry-media wpex-mb-20\"><a href=\"https:\/\/www.fiestaclasica.org\/wp-content\/uploads\/2016\/04\/FC-Site-Zona-6.jpg\" class=\"vcex-image-grid-entry-link wpex-lightbox-group-item\" ><img width=\"847\" height=\"565\" src=\"https:\/\/www.fiestaclasica.org\/wp-content\/uploads\/2016\/04\/FC-Site-Zona-6.jpg\" class=\"wpex-align-middle\" alt=\"\" decoding=\"async\" loading=\"lazy\" srcset=\"https:\/\/www.fiestaclasica.org\/wp-content\/uploads\/2016\/04\/FC-Site-Zona-6.jpg 847w, https:\/\/www.fiestaclasica.org\/wp-content\/uploads\/2016\/04\/FC-Site-Zona-6-300x200.jpg 300w, https:\/\/www.fiestaclasica.org\/wp-content\/uploads\/2016\/04\/FC-Site-Zona-6-768x512.jpg 768w\" sizes=\"(max-width: 847px) 100vw, 847px\" \/><\/a><\/div><\/figure><\/div><div class=\"id-3975 vcex-image-grid-entry vcex-grid-item textcenter span_1_of_3 col col-3\"><figure class=\"vcex-image-grid-entry-figure wpex-last-mb-0 wpex-clr\"><div class=\"vcex-image-grid-entry-img entry-media wpex-mb-20\"><a href=\"https:\/\/www.fiestaclasica.org\/wp-content\/uploads\/2016\/04\/FC-Site-Zona5.jpg\" class=\"vcex-image-grid-entry-link wpex-lightbox-group-item\" ><img width=\"846\" height=\"566\" src=\"https:\/\/www.fiestaclasica.org\/wp-content\/uploads\/2016\/04\/FC-Site-Zona5.jpg\" class=\"wpex-align-middle\" alt=\"\" decoding=\"async\" loading=\"lazy\" srcset=\"https:\/\/www.fiestaclasica.org\/wp-content\/uploads\/2016\/04\/FC-Site-Zona5.jpg 846w, https:\/\/www.fiestaclasica.org\/wp-content\/uploads\/2016\/04\/FC-Site-Zona5-300x201.jpg 300w, https:\/\/www.fiestaclasica.org\/wp-content\/uploads\/2016\/04\/FC-Site-Zona5-768x514.jpg 768w\" sizes=\"(max-width: 846px) 100vw, 846px\" \/><\/a><\/div><\/figure><\/div><\/div><\/div>[\/vc_column][\/vc_row][vc_row center_row=\u00a0\u00bbyes\u00a0\u00bb el_class=\u00a0\u00bbmypage-bottom\u00a0\u00bb][vc_column]<div class=\"templatera_shortcode bottom-page\"><style type=\"text\/css\" data-type=\"vc_shortcodes-custom-css\">.vc_custom_1464728684469{margin-bottom: 0px !important;border-bottom-width: 0px !important;padding-bottom: 0px !important;}<\/style>[vc_row el_id=\"newsletter-row\"][vc_column css=\".vc_custom_1464728684469{margin-bottom: 0px !important;border-bottom-width: 0px !important;padding-bottom: 0px !important;}\"][vc_widget_sidebar sidebar_id=\"newslettersocial\" el_class=\"newsletter-form\"][\/vc_column][\/vc_row]<\/div>[\/vc_column][\/vc_row]\n","protected":false},"excerpt":{"rendered":"<p>[vc_row center_row=\u00a0\u00bbyes\u00a0\u00bb css=\u00a0\u00bb.vc_custom_1461269721710{background-color: #e0e3e4 !important;}\u00a0\u00bb el_id=\u00a0\u00bbintro\u00a0\u00bb][vc_column][vc_column_text el_class=\u00a0\u00bbintro-home\u00a0\u00bb] Parce que ce fut l\u00e0 que d\u00e9barqua Christophe Colomb, la ville de Saint Domingue, capitale de la R\u00e9publique Dominicaine abrite une des plus belles zones coloniales (intra muros) des Am\u00e9riques. Compos\u00e9e de nombreux b\u00e2timents\u00a0des XVI\u00ba et XVII\u00ba si\u00e8cles elle enchante les visiteurs qui viennent ici du monde entier.&hellip;<\/p>\n","protected":false},"author":1,"featured_media":0,"parent":0,"menu_order":0,"comment_status":"closed","ping_status":"closed","template":"","meta":[],"categories":[],"tags":[],"yoast_head":"<!-- This site is optimized with the Yoast SEO plugin v20.7 - https:\/\/yoast.com\/wordpress\/plugins\/seo\/ -->\n<title>La Ville Coloniale - Fiesta Clasica<\/title>\n<meta name=\"robots\" content=\"index, follow, max-snippet:-1, max-image-preview:large, max-video-preview:-1\" \/>\n<link rel=\"canonical\" href=\"https:\/\/www.fiestaclasica.org\/fr\/la-ville-colonial\/\" \/>\n<meta property=\"og:locale\" content=\"fr_FR\" \/>\n<meta property=\"og:type\" content=\"article\" \/>\n<meta property=\"og:title\" content=\"La Ville Coloniale - Fiesta Clasica\" \/>\n<meta property=\"og:description\" content=\"[vc_row center_row=\u00a0\u00bbyes\u00a0\u00bb css=\u00a0\u00bb.vc_custom_1461269721710{background-color: #e0e3e4 !important;}\u00a0\u00bb el_id=\u00a0\u00bbintro\u00a0\u00bb][vc_column][vc_column_text el_class=\u00a0\u00bbintro-home\u00a0\u00bb] Parce que ce fut l\u00e0 que d\u00e9barqua Christophe Colomb, la ville de Saint Domingue, capitale de la R\u00e9publique Dominicaine abrite une des plus belles zones coloniales (intra muros) des Am\u00e9riques. Compos\u00e9e de nombreux b\u00e2timents\u00a0des XVI\u00ba et XVII\u00ba si\u00e8cles elle enchante les visiteurs qui viennent ici du monde entier.&hellip;\" \/>\n<meta property=\"og:url\" content=\"https:\/\/www.fiestaclasica.org\/fr\/la-ville-colonial\/\" \/>\n<meta property=\"og:site_name\" content=\"Fiesta Clasica\" \/>\n<meta property=\"article:publisher\" content=\"https:\/\/www.facebook.com\/FiestaClasica\/\" \/>\n<meta property=\"article:modified_time\" content=\"2016-08-15T19:20:50+00:00\" \/>\n<meta property=\"og:image\" content=\"http:\/\/www.fiestaclasica.org\/wp-content\/plugins\/advanced-wp-columns\/assets\/js\/plugins\/views\/img\/1x1-pixel.png\" \/>\n<meta name=\"twitter:card\" content=\"summary_large_image\" \/>\n<meta name=\"twitter:site\" content=\"@fiestaclasica\" \/>\n<meta name=\"twitter:label1\" content=\"Dur\u00e9e de lecture estim\u00e9e\" \/>\n\t<meta name=\"twitter:data1\" content=\"1 minute\" \/>\n<script type=\"application\/ld+json\" class=\"yoast-schema-graph\">{\"@context\":\"https:\/\/schema.org\",\"@graph\":[{\"@type\":\"WebPage\",\"@id\":\"https:\/\/www.fiestaclasica.org\/fr\/la-ville-colonial\/\",\"url\":\"https:\/\/www.fiestaclasica.org\/fr\/la-ville-colonial\/\",\"name\":\"La Ville Coloniale - Fiesta Clasica\",\"isPartOf\":{\"@id\":\"https:\/\/www.fiestaclasica.org\/#website\"},\"datePublished\":\"2016-06-28T15:09:39+00:00\",\"dateModified\":\"2016-08-15T19:20:50+00:00\",\"breadcrumb\":{\"@id\":\"https:\/\/www.fiestaclasica.org\/fr\/la-ville-colonial\/#breadcrumb\"},\"inLanguage\":\"fr-FR\",\"potentialAction\":[{\"@type\":\"ReadAction\",\"target\":[\"https:\/\/www.fiestaclasica.org\/fr\/la-ville-colonial\/\"]}]},{\"@type\":\"BreadcrumbList\",\"@id\":\"https:\/\/www.fiestaclasica.org\/fr\/la-ville-colonial\/#breadcrumb\",\"itemListElement\":[{\"@type\":\"ListItem\",\"position\":1,\"name\":\"Portada\",\"item\":\"https:\/\/www.fiestaclasica.org\/fr\/\"},{\"@type\":\"ListItem\",\"position\":2,\"name\":\"La Ville Coloniale\"}]},{\"@type\":\"WebSite\",\"@id\":\"https:\/\/www.fiestaclasica.org\/#website\",\"url\":\"https:\/\/www.fiestaclasica.org\/\",\"name\":\"Fiesta Clasica\",\"description\":\"Fiesta Clasica\",\"publisher\":{\"@id\":\"https:\/\/www.fiestaclasica.org\/#organization\"},\"potentialAction\":[{\"@type\":\"SearchAction\",\"target\":{\"@type\":\"EntryPoint\",\"urlTemplate\":\"https:\/\/www.fiestaclasica.org\/?s={search_term_string}\"},\"query-input\":\"required name=search_term_string\"}],\"inLanguage\":\"fr-FR\"},{\"@type\":\"Organization\",\"@id\":\"https:\/\/www.fiestaclasica.org\/#organization\",\"name\":\"fiesta clasica\",\"url\":\"https:\/\/www.fiestaclasica.org\/\",\"logo\":{\"@type\":\"ImageObject\",\"inLanguage\":\"fr-FR\",\"@id\":\"https:\/\/www.fiestaclasica.org\/#\/schema\/logo\/image\/\",\"url\":\"https:\/\/www.fiestaclasica.org\/wp-content\/uploads\/2016\/04\/logo-FC-prensa.jpg\",\"contentUrl\":\"https:\/\/www.fiestaclasica.org\/wp-content\/uploads\/2016\/04\/logo-FC-prensa.jpg\",\"width\":449,\"height\":261,\"caption\":\"fiesta clasica\"},\"image\":{\"@id\":\"https:\/\/www.fiestaclasica.org\/#\/schema\/logo\/image\/\"},\"sameAs\":[\"https:\/\/www.facebook.com\/FiestaClasica\/\",\"https:\/\/twitter.com\/fiestaclasica\",\"https:\/\/www.instagram.com\/fiestaclasica\/\",\"https:\/\/www.youtube.com\/channel\/UCt82JYKhPM3Th7pNLCA7-xw\"]}]}<\/script>\n<!-- \/ Yoast SEO plugin. -->","yoast_head_json":{"title":"La Ville Coloniale - Fiesta Clasica","robots":{"index":"index","follow":"follow","max-snippet":"max-snippet:-1","max-image-preview":"max-image-preview:large","max-video-preview":"max-video-preview:-1"},"canonical":"https:\/\/www.fiestaclasica.org\/fr\/la-ville-colonial\/","og_locale":"fr_FR","og_type":"article","og_title":"La Ville Coloniale - Fiesta Clasica","og_description":"[vc_row center_row=\u00a0\u00bbyes\u00a0\u00bb css=\u00a0\u00bb.vc_custom_1461269721710{background-color: #e0e3e4 !important;}\u00a0\u00bb el_id=\u00a0\u00bbintro\u00a0\u00bb][vc_column][vc_column_text el_class=\u00a0\u00bbintro-home\u00a0\u00bb] Parce que ce fut l\u00e0 que d\u00e9barqua Christophe Colomb, la ville de Saint Domingue, capitale de la R\u00e9publique Dominicaine abrite une des plus belles zones coloniales (intra muros) des Am\u00e9riques. Compos\u00e9e de nombreux b\u00e2timents\u00a0des XVI\u00ba et XVII\u00ba si\u00e8cles elle enchante les visiteurs qui viennent ici du monde entier.&hellip;","og_url":"https:\/\/www.fiestaclasica.org\/fr\/la-ville-colonial\/","og_site_name":"Fiesta Clasica","article_publisher":"https:\/\/www.facebook.com\/FiestaClasica\/","article_modified_time":"2016-08-15T19:20:50+00:00","og_image":[{"url":"http:\/\/www.fiestaclasica.org\/wp-content\/plugins\/advanced-wp-columns\/assets\/js\/plugins\/views\/img\/1x1-pixel.png"}],"twitter_card":"summary_large_image","twitter_site":"@fiestaclasica","twitter_misc":{"Dur\u00e9e de lecture estim\u00e9e":"1 minute"},"schema":{"@context":"https:\/\/schema.org","@graph":[{"@type":"WebPage","@id":"https:\/\/www.fiestaclasica.org\/fr\/la-ville-colonial\/","url":"https:\/\/www.fiestaclasica.org\/fr\/la-ville-colonial\/","name":"La Ville Coloniale - Fiesta Clasica","isPartOf":{"@id":"https:\/\/www.fiestaclasica.org\/#website"},"datePublished":"2016-06-28T15:09:39+00:00","dateModified":"2016-08-15T19:20:50+00:00","breadcrumb":{"@id":"https:\/\/www.fiestaclasica.org\/fr\/la-ville-colonial\/#breadcrumb"},"inLanguage":"fr-FR","potentialAction":[{"@type":"ReadAction","target":["https:\/\/www.fiestaclasica.org\/fr\/la-ville-colonial\/"]}]},{"@type":"BreadcrumbList","@id":"https:\/\/www.fiestaclasica.org\/fr\/la-ville-colonial\/#breadcrumb","itemListElement":[{"@type":"ListItem","position":1,"name":"Portada","item":"https:\/\/www.fiestaclasica.org\/fr\/"},{"@type":"ListItem","position":2,"name":"La Ville Coloniale"}]},{"@type":"WebSite","@id":"https:\/\/www.fiestaclasica.org\/#website","url":"https:\/\/www.fiestaclasica.org\/","name":"Fiesta Clasica","description":"Fiesta Clasica","publisher":{"@id":"https:\/\/www.fiestaclasica.org\/#organization"},"potentialAction":[{"@type":"SearchAction","target":{"@type":"EntryPoint","urlTemplate":"https:\/\/www.fiestaclasica.org\/?s={search_term_string}"},"query-input":"required name=search_term_string"}],"inLanguage":"fr-FR"},{"@type":"Organization","@id":"https:\/\/www.fiestaclasica.org\/#organization","name":"fiesta clasica","url":"https:\/\/www.fiestaclasica.org\/","logo":{"@type":"ImageObject","inLanguage":"fr-FR","@id":"https:\/\/www.fiestaclasica.org\/#\/schema\/logo\/image\/","url":"https:\/\/www.fiestaclasica.org\/wp-content\/uploads\/2016\/04\/logo-FC-prensa.jpg","contentUrl":"https:\/\/www.fiestaclasica.org\/wp-content\/uploads\/2016\/04\/logo-FC-prensa.jpg","width":449,"height":261,"caption":"fiesta clasica"},"image":{"@id":"https:\/\/www.fiestaclasica.org\/#\/schema\/logo\/image\/"},"sameAs":["https:\/\/www.facebook.com\/FiestaClasica\/","https:\/\/twitter.com\/fiestaclasica","https:\/\/www.instagram.com\/fiestaclasica\/","https:\/\/www.youtube.com\/channel\/UCt82JYKhPM3Th7pNLCA7-xw"]}]}},"_links":{"self":[{"href":"https:\/\/www.fiestaclasica.org\/fr\/wp-json\/wp\/v2\/pages\/462\/"}],"collection":[{"href":"https:\/\/www.fiestaclasica.org\/fr\/wp-json\/wp\/v2\/pages\/"}],"about":[{"href":"https:\/\/www.fiestaclasica.org\/fr\/wp-json\/wp\/v2\/types\/page\/"}],"author":[{"embeddable":true,"href":"https:\/\/www.fiestaclasica.org\/fr\/wp-json\/wp\/v2\/users\/1\/"}],"replies":[{"embeddable":true,"href":"https:\/\/www.fiestaclasica.org\/fr\/wp-json\/wp\/v2\/comments\/?post=462"}],"version-history":[{"count":6,"href":"https:\/\/www.fiestaclasica.org\/fr\/wp-json\/wp\/v2\/pages\/462\/revisions\/"}],"predecessor-version":[{"id":630,"href":"https:\/\/www.fiestaclasica.org\/fr\/wp-json\/wp\/v2\/pages\/462\/revisions\/630\/"}],"wp:attachment":[{"href":"https:\/\/www.fiestaclasica.org\/fr\/wp-json\/wp\/v2\/media\/?parent=462"}],"wp:term":[{"taxonomy":"category","embeddable":true,"href":"https:\/\/www.fiestaclasica.org\/fr\/wp-json\/wp\/v2\/categories\/?post=462"},{"taxonomy":"post_tag","embeddable":true,"href":"https:\/\/www.fiestaclasica.org\/fr\/wp-json\/wp\/v2\/tags\/?post=462"}],"curies":[{"name":"wp","href":"https:\/\/api.w.org\/{rel}","templated":true}]}}