{"id":3796,"date":"2018-06-28T20:13:00","date_gmt":"2018-06-29T00:13:00","guid":{"rendered":"http:\/\/www.fiestaclasica.org\/?page_id=3796"},"modified":"2023-04-10T12:15:09","modified_gmt":"2023-04-10T16:15:09","slug":"engagements","status":"publish","type":"page","link":"https:\/\/www.fiestaclasica.org\/en\/engagements\/","title":{"rendered":"Engagements"},"content":{"rendered":"[vc_row center_row=&#8221;yes&#8221;][vc_column][vc_raw_js]JTNDc2NyaXB0JTIwdHlwZSUzRCUyMnRleHQlMkZqYXZhc2NyaXB0JTIyJTNFJTBBZG9jdW1lbnQuZ2V0RWxlbWVudEJ5SWQlMjglMjJvdXRlci13cmFwJTIyJTI5LmNsYXNzTmFtZSUyMCUzRCUyMCUyMnBhZ2UtY3VzdG9tJTIwcGFnZS1jb21wcm9taXNvcyUyMiUzQiUwQSUzQyUyRnNjcmlwdCUzRQ==[\/vc_raw_js][vc_column_text]The top priority of the Foundation Fiesta Cl\u00e1sica is to help restoring confidence and hope and promote social inclusi\u00f3n of the most vulnerable children of the Colonial Zone of Santo Domingo, using collective music teaching. In concrete terms, that means that every day we welcome in our center children from the age of 5 to 17 years and we teach them choral singing and instrumental practice. Pedagogy and repertoire come directly from El Sistema founded more than 40 years ago by Maestro Jos\u00e9 Antonio Abreu.<\/p>\n<p class=\"p1\">All classes give us the oportunity to pass social values such as the necessity of group work, solidarity, punctuality, mutual respect. Furthermore, the organization of public concerts and showcases represents an excellent oportunity to surpass themselves.<\/p>\n<p class=\"p1\">Every member of the Juvenil Symphonic Orchestra recieved his own instrument and may brin git back home. Doing sot hey can continue practicing. This means also that we trust them : it\u2019s a very good cause for satisfaction for them and their families.<\/p>\n[\/vc_column_text][\/vc_column][\/vc_row][vc_row center_row=&#8221;yes&#8221;][vc_column width=&#8221;1\/3&#8243; el_class=&#8221;fundador&#8221;][vc_hoverbox image=&#8221;11701&#8243; primary_title=&#8221;&#8221; hover_title=&#8221;&#8221; shape=&#8221;square&#8221; hover_background_color=&#8221;custom&#8221; el_class=&#8221;fund_name&#8221; hover_custom_background=&#8221;#e0e3e4&#8243;]\n<p style=\"text-align: center; padding: 20px 10px;\">DIRECT OF THE ORCHESTAL PROGRAM AND<br \/>\nDIRECTOR OF THE YOUTH SYMPHONY ORCHESTRA<\/p>\n[\/vc_hoverbox][vc_column_text el_class=&#8221;name_photo&#8221;]\n<p style=\"text-align: center;\"><strong>\u00a0Sergio Teijido<\/strong><\/p>\n[\/vc_column_text][\/vc_column][vc_column width=&#8221;1\/3&#8243; el_class=&#8221;fundador&#8221;][vc_hoverbox image=&#8221;9296&#8243; primary_title=&#8221;&#8221; hover_title=&#8221;&#8221; shape=&#8221;square&#8221; hover_background_color=&#8221;custom&#8221; el_class=&#8221;fund_name&#8221; hover_custom_background=&#8221;#e0e3e4&#8243;]\n<p style=\"text-align: center;\">ACADEMIC DIRECTOR AND<br \/>\nDIRECTOR OF THE CAMERA ORCHESTRA<\/p>\n[\/vc_hoverbox][vc_column_text el_class=&#8221;name_photo&#8221;]\n<p style=\"text-align: center;\"><strong>Efrain Lara<\/strong><\/p>\n[\/vc_column_text][\/vc_column][vc_column width=&#8221;1\/3&#8243; el_class=&#8221;fundador&#8221;][vc_hoverbox image=&#8221;5879&#8243; primary_title=&#8221;&#8221; hover_title=&#8221;&#8221; shape=&#8221;square&#8221; hover_background_color=&#8221;custom&#8221; el_class=&#8221;fund_name&#8221; hover_custom_background=&#8221;#e0e3e4&#8243;]\n<p style=\"text-align: center;\">DIRECTOR OF THE CORAL PROGRAM<br \/>\nAND DIRECTOR OF THE YOUTH CHORUS<\/p>\n[\/vc_hoverbox][vc_column_text el_class=&#8221;name_photo&#8221;]\n<p style=\"text-align: center;\"><strong>Jos\u00e9 Andr\u00e9s Brice\u00f1o<\/strong><\/p>\n[\/vc_column_text][\/vc_column][\/vc_row][vc_row center_row=&#8221;yes&#8221;][vc_column][vc_column_text]\n<h2 class=\"p3\"><b>VALORS<\/b><\/h2>\n[\/vc_column_text]<div class=\"wpex-slider-preloaderimg wpex-relative\"><img width=\"1280\" height=\"850\" src=\"https:\/\/www.fiestaclasica.org\/wp-content\/uploads\/2018\/08\/Challenge.jpg\" class=\"skip-lazy\" alt=\"\" decoding=\"async\" data-no-lazy=\"1\" srcset=\"https:\/\/www.fiestaclasica.org\/wp-content\/uploads\/2018\/08\/Challenge.jpg 1280w, https:\/\/www.fiestaclasica.org\/wp-content\/uploads\/2018\/08\/Challenge-300x199.jpg 300w\" sizes=\"(max-width: 1280px) 100vw, 1280px\" \/><\/div><div class=\"vcex-module wpex-slider slider-pro vcex-image-slider wpex-clr\" data-loop=\"true\" data-auto-play-delay=\"5000\" data-thumbnails=\"true\" data-animation-speed=\"600\" data-height-animation-duration=\"500\" data-thumbnail-height=\"70\" data-thumbnail-width=\"70\"><div class=\"wpex-slider-slides sp-slides\"><div class=\"wpex-slider-slide sp-slide\"><div class=\"wpex-slider-media\"><img width=\"1280\" height=\"850\" src=\"https:\/\/www.fiestaclasica.org\/wp-content\/uploads\/2018\/08\/Challenge.jpg\" class=\"skip-lazy\" alt=\"\" decoding=\"async\" data-no-lazy=\"1\" srcset=\"https:\/\/www.fiestaclasica.org\/wp-content\/uploads\/2018\/08\/Challenge.jpg 1280w, https:\/\/www.fiestaclasica.org\/wp-content\/uploads\/2018\/08\/Challenge-300x199.jpg 300w\" sizes=\"(max-width: 1280px) 100vw, 1280px\" \/><div class=\"wpex-slider-caption sp-layer sp-padding wpex-clr sp-black sp-static\"data-position=\"bottomCenter\" data-show-transition=\"false\" data-hide-transition=\"false\" data-width=\"100%\" data-show-delay=\"500\"><p>Challenge<\/p>\n<\/div><\/div><\/div><div class=\"wpex-slider-slide sp-slide\"><div class=\"wpex-slider-media\"><img width=\"1280\" height=\"850\" src=\"https:\/\/www.fiestaclasica.org\/wp-content\/uploads\/2018\/08\/AutoEstime.jpg\" class=\"skip-lazy\" alt=\"\" decoding=\"async\" data-no-lazy=\"1\" srcset=\"https:\/\/www.fiestaclasica.org\/wp-content\/uploads\/2018\/08\/AutoEstime.jpg 1280w, https:\/\/www.fiestaclasica.org\/wp-content\/uploads\/2018\/08\/AutoEstime-300x199.jpg 300w\" sizes=\"(max-width: 1280px) 100vw, 1280px\" \/><div class=\"wpex-slider-caption sp-layer sp-padding wpex-clr sp-black sp-static\"data-position=\"bottomCenter\" data-show-transition=\"false\" data-hide-transition=\"false\" data-width=\"100%\" data-show-delay=\"500\"><p>Self respect<\/p>\n<\/div><\/div><\/div><div class=\"wpex-slider-slide sp-slide\"><div class=\"wpex-slider-media\"><img width=\"1280\" height=\"850\" src=\"https:\/\/www.fiestaclasica.org\/wp-content\/uploads\/2018\/08\/AmourMusique.jpg\" class=\"skip-lazy\" alt=\"\" decoding=\"async\" data-no-lazy=\"1\" srcset=\"https:\/\/www.fiestaclasica.org\/wp-content\/uploads\/2018\/08\/AmourMusique.jpg 1280w, https:\/\/www.fiestaclasica.org\/wp-content\/uploads\/2018\/08\/AmourMusique-300x199.jpg 300w, https:\/\/www.fiestaclasica.org\/wp-content\/uploads\/2018\/08\/AmourMusique-768x510.jpg 768w, https:\/\/www.fiestaclasica.org\/wp-content\/uploads\/2018\/08\/AmourMusique-1024x680.jpg 1024w\" sizes=\"(max-width: 1280px) 100vw, 1280px\" \/><div class=\"wpex-slider-caption sp-layer sp-padding wpex-clr sp-black sp-static\"data-position=\"bottomCenter\" data-show-transition=\"false\" data-hide-transition=\"false\" data-width=\"100%\" data-show-delay=\"500\"><p>Love of music<\/p>\n<\/div><\/div><\/div><div class=\"wpex-slider-slide sp-slide\"><div class=\"wpex-slider-media\"><img width=\"1280\" height=\"850\" src=\"https:\/\/www.fiestaclasica.org\/wp-content\/uploads\/2018\/08\/RespectMutuel.jpg\" class=\"skip-lazy\" alt=\"\" decoding=\"async\" data-no-lazy=\"1\" srcset=\"https:\/\/www.fiestaclasica.org\/wp-content\/uploads\/2018\/08\/RespectMutuel.jpg 1280w, https:\/\/www.fiestaclasica.org\/wp-content\/uploads\/2018\/08\/RespectMutuel-300x199.jpg 300w, https:\/\/www.fiestaclasica.org\/wp-content\/uploads\/2018\/08\/RespectMutuel-768x510.jpg 768w, https:\/\/www.fiestaclasica.org\/wp-content\/uploads\/2018\/08\/RespectMutuel-1024x680.jpg 1024w\" sizes=\"(max-width: 1280px) 100vw, 1280px\" \/><div class=\"wpex-slider-caption sp-layer sp-padding wpex-clr sp-black sp-static\"data-position=\"bottomCenter\" data-show-transition=\"false\" data-hide-transition=\"false\" data-width=\"100%\" data-show-delay=\"500\"><p>Mutual respect<\/p>\n<\/div><\/div><\/div><div class=\"wpex-slider-slide sp-slide\"><div class=\"wpex-slider-media\"><img width=\"1280\" height=\"850\" src=\"https:\/\/www.fiestaclasica.org\/wp-content\/uploads\/2018\/08\/EspritEquipe2.jpg\" class=\"skip-lazy\" alt=\"\" decoding=\"async\" data-no-lazy=\"1\" srcset=\"https:\/\/www.fiestaclasica.org\/wp-content\/uploads\/2018\/08\/EspritEquipe2.jpg 1280w, https:\/\/www.fiestaclasica.org\/wp-content\/uploads\/2018\/08\/EspritEquipe2-300x199.jpg 300w, https:\/\/www.fiestaclasica.org\/wp-content\/uploads\/2018\/08\/EspritEquipe2-768x510.jpg 768w, https:\/\/www.fiestaclasica.org\/wp-content\/uploads\/2018\/08\/EspritEquipe2-1024x680.jpg 1024w\" sizes=\"(max-width: 1280px) 100vw, 1280px\" \/><div class=\"wpex-slider-caption sp-layer sp-padding wpex-clr sp-black sp-static\"data-position=\"bottomCenter\" data-show-transition=\"false\" data-hide-transition=\"false\" data-width=\"100%\" data-show-delay=\"500\"><p>Team spirit<\/p>\n<\/div><\/div><\/div><div class=\"wpex-slider-slide sp-slide\"><div class=\"wpex-slider-media\"><img width=\"1280\" height=\"850\" src=\"https:\/\/www.fiestaclasica.org\/wp-content\/uploads\/2018\/08\/Enthousiame3.jpg\" class=\"skip-lazy\" alt=\"\" decoding=\"async\" data-no-lazy=\"1\" srcset=\"https:\/\/www.fiestaclasica.org\/wp-content\/uploads\/2018\/08\/Enthousiame3.jpg 1280w, https:\/\/www.fiestaclasica.org\/wp-content\/uploads\/2018\/08\/Enthousiame3-300x199.jpg 300w\" sizes=\"(max-width: 1280px) 100vw, 1280px\" \/><div class=\"wpex-slider-caption sp-layer sp-padding wpex-clr sp-black sp-static\"data-position=\"bottomCenter\" data-show-transition=\"false\" data-hide-transition=\"false\" data-width=\"100%\" data-show-delay=\"500\"><p>Enthusiasm<\/p>\n<\/div><\/div><\/div><\/div><div class=\"wpex-slider-thumbnails sp-thumbnails\"><img width=\"1280\" height=\"850\" src=\"https:\/\/www.fiestaclasica.org\/wp-content\/uploads\/2018\/08\/Challenge.jpg\" class=\"wpex-slider-thumbnail sp-thumbnail skip-lazy\" alt=\"\" decoding=\"async\" data-no-lazy=\"1\" srcset=\"https:\/\/www.fiestaclasica.org\/wp-content\/uploads\/2018\/08\/Challenge.jpg 1280w, https:\/\/www.fiestaclasica.org\/wp-content\/uploads\/2018\/08\/Challenge-300x199.jpg 300w\" sizes=\"(max-width: 1280px) 100vw, 1280px\" \/><img width=\"1280\" height=\"850\" src=\"https:\/\/www.fiestaclasica.org\/wp-content\/uploads\/2018\/08\/AutoEstime.jpg\" class=\"wpex-slider-thumbnail sp-thumbnail skip-lazy\" alt=\"\" decoding=\"async\" data-no-lazy=\"1\" srcset=\"https:\/\/www.fiestaclasica.org\/wp-content\/uploads\/2018\/08\/AutoEstime.jpg 1280w, https:\/\/www.fiestaclasica.org\/wp-content\/uploads\/2018\/08\/AutoEstime-300x199.jpg 300w\" sizes=\"(max-width: 1280px) 100vw, 1280px\" \/><img width=\"1280\" height=\"850\" src=\"https:\/\/www.fiestaclasica.org\/wp-content\/uploads\/2018\/08\/AmourMusique.jpg\" class=\"wpex-slider-thumbnail sp-thumbnail skip-lazy\" alt=\"\" decoding=\"async\" data-no-lazy=\"1\" srcset=\"https:\/\/www.fiestaclasica.org\/wp-content\/uploads\/2018\/08\/AmourMusique.jpg 1280w, https:\/\/www.fiestaclasica.org\/wp-content\/uploads\/2018\/08\/AmourMusique-300x199.jpg 300w, https:\/\/www.fiestaclasica.org\/wp-content\/uploads\/2018\/08\/AmourMusique-768x510.jpg 768w, https:\/\/www.fiestaclasica.org\/wp-content\/uploads\/2018\/08\/AmourMusique-1024x680.jpg 1024w\" sizes=\"(max-width: 1280px) 100vw, 1280px\" \/><img width=\"1280\" height=\"850\" src=\"https:\/\/www.fiestaclasica.org\/wp-content\/uploads\/2018\/08\/RespectMutuel.jpg\" class=\"wpex-slider-thumbnail sp-thumbnail skip-lazy\" alt=\"\" decoding=\"async\" data-no-lazy=\"1\" srcset=\"https:\/\/www.fiestaclasica.org\/wp-content\/uploads\/2018\/08\/RespectMutuel.jpg 1280w, https:\/\/www.fiestaclasica.org\/wp-content\/uploads\/2018\/08\/RespectMutuel-300x199.jpg 300w, https:\/\/www.fiestaclasica.org\/wp-content\/uploads\/2018\/08\/RespectMutuel-768x510.jpg 768w, https:\/\/www.fiestaclasica.org\/wp-content\/uploads\/2018\/08\/RespectMutuel-1024x680.jpg 1024w\" sizes=\"(max-width: 1280px) 100vw, 1280px\" \/><img width=\"1280\" height=\"850\" src=\"https:\/\/www.fiestaclasica.org\/wp-content\/uploads\/2018\/08\/EspritEquipe2.jpg\" class=\"wpex-slider-thumbnail sp-thumbnail skip-lazy\" alt=\"\" decoding=\"async\" data-no-lazy=\"1\" srcset=\"https:\/\/www.fiestaclasica.org\/wp-content\/uploads\/2018\/08\/EspritEquipe2.jpg 1280w, https:\/\/www.fiestaclasica.org\/wp-content\/uploads\/2018\/08\/EspritEquipe2-300x199.jpg 300w, https:\/\/www.fiestaclasica.org\/wp-content\/uploads\/2018\/08\/EspritEquipe2-768x510.jpg 768w, https:\/\/www.fiestaclasica.org\/wp-content\/uploads\/2018\/08\/EspritEquipe2-1024x680.jpg 1024w\" sizes=\"(max-width: 1280px) 100vw, 1280px\" \/><img width=\"1280\" height=\"850\" src=\"https:\/\/www.fiestaclasica.org\/wp-content\/uploads\/2018\/08\/Enthousiame3.jpg\" class=\"wpex-slider-thumbnail sp-thumbnail skip-lazy\" alt=\"\" decoding=\"async\" data-no-lazy=\"1\" srcset=\"https:\/\/www.fiestaclasica.org\/wp-content\/uploads\/2018\/08\/Enthousiame3.jpg 1280w, https:\/\/www.fiestaclasica.org\/wp-content\/uploads\/2018\/08\/Enthousiame3-300x199.jpg 300w\" sizes=\"(max-width: 1280px) 100vw, 1280px\" \/><\/div><\/div>[\/vc_column][\/vc_row][vc_row remove_bottom_col_margin=&#8221;true&#8221; center_row=&#8221;yes&#8221;][vc_column el_class=&#8221;bottom-call&#8221;]<div class=\"templatera_shortcode\">[vc_row el_class=\"bottom-call-inner bottom-call-inner-programas\"][vc_column width=\"1\/2\" el_class=\"bottom-call-col-txt\"][vc_column_text]\r\n<p style=\"text-align: right;\">DISCOVER OUR PROGRAMS<\/p>\r\n[\/vc_column_text][\/vc_column][vc_column width=\"1\/2\" el_class=\"bottom-call-col-bout\"]<a href=\"https:\/\/www.fiestaclasica.org\/en\/programs\/\" class=\"vcex-button theme-button inline\" style=\"background:#233e9a;\" data-wpex-hover='{&quot;background&quot;:&quot;#97a9b4&quot;}'><span class=\"theme-button-inner\">PROGRAMS<\/span><\/a> [\/vc_column][\/vc_row]<\/div>[\/vc_column][\/vc_row][vc_row center_row=&#8221;yes&#8221; el_class=&#8221;mypage-bottom&#8221;][vc_column]<div class=\"templatera_shortcode\"><style type=\"text\/css\" data-type=\"vc_shortcodes-custom-css\">.vc_custom_1464728684469{margin-bottom: 0px !important;border-bottom-width: 0px !important;padding-bottom: 0px !important;}<\/style>[vc_row el_id=\"newsletter-row\"][vc_column css=\".vc_custom_1464728684469{margin-bottom: 0px !important;border-bottom-width: 0px !important;padding-bottom: 0px !important;}\"][vc_widget_sidebar sidebar_id=\"barralateral\" el_class=\"newsletter-form\"][\/vc_column][\/vc_row]<\/div>[\/vc_column][\/vc_row]\n","protected":false},"excerpt":{"rendered":"<p>[vc_row center_row=&#8221;yes&#8221;][vc_column][vc_raw_js]JTNDc2NyaXB0JTIwdHlwZSUzRCUyMnRleHQlMkZqYXZhc2NyaXB0JTIyJTNFJTBBZG9jdW1lbnQuZ2V0RWxlbWVudEJ5SWQlMjglMjJvdXRlci13cmFwJTIyJTI5LmNsYXNzTmFtZSUyMCUzRCUyMCUyMnBhZ2UtY3VzdG9tJTIwcGFnZS1jb21wcm9taXNvcyUyMiUzQiUwQSUzQyUyRnNjcmlwdCUzRQ==[\/vc_raw_js][vc_column_text]The top priority of the Foundation Fiesta Cl\u00e1sica is to help restoring confidence and hope and promote social inclusi\u00f3n of the most vulnerable children of the Colonial Zone of Santo Domingo, using collective music teaching. In concrete terms, that means that every day we welcome in our center children from the age of 5&hellip;<\/p>\n","protected":false},"author":1,"featured_media":0,"parent":0,"menu_order":0,"comment_status":"closed","ping_status":"closed","template":"","meta":[],"categories":[],"tags":[],"yoast_head":"<!-- This site is optimized with the Yoast SEO plugin v20.7 - https:\/\/yoast.com\/wordpress\/plugins\/seo\/ -->\n<title>Engagements - Fiesta Clasica<\/title>\n<meta name=\"robots\" content=\"index, follow, max-snippet:-1, max-image-preview:large, max-video-preview:-1\" \/>\n<link rel=\"canonical\" href=\"https:\/\/www.fiestaclasica.org\/en\/engagements\/\" \/>\n<meta property=\"og:locale\" content=\"en_US\" \/>\n<meta property=\"og:type\" content=\"article\" \/>\n<meta property=\"og:title\" content=\"Engagements - Fiesta Clasica\" \/>\n<meta property=\"og:description\" content=\"[vc_row center_row=&#8221;yes&#8221;][vc_column][vc_raw_js]JTNDc2NyaXB0JTIwdHlwZSUzRCUyMnRleHQlMkZqYXZhc2NyaXB0JTIyJTNFJTBBZG9jdW1lbnQuZ2V0RWxlbWVudEJ5SWQlMjglMjJvdXRlci13cmFwJTIyJTI5LmNsYXNzTmFtZSUyMCUzRCUyMCUyMnBhZ2UtY3VzdG9tJTIwcGFnZS1jb21wcm9taXNvcyUyMiUzQiUwQSUzQyUyRnNjcmlwdCUzRQ==[\/vc_raw_js][vc_column_text]The top priority of the Foundation Fiesta Cl\u00e1sica is to help restoring confidence and hope and promote social inclusi\u00f3n of the most vulnerable children of the Colonial Zone of Santo Domingo, using collective music teaching. In concrete terms, that means that every day we welcome in our center children from the age of 5&hellip;\" \/>\n<meta property=\"og:url\" content=\"https:\/\/www.fiestaclasica.org\/en\/engagements\/\" \/>\n<meta property=\"og:site_name\" content=\"Fiesta Clasica\" \/>\n<meta property=\"article:publisher\" content=\"https:\/\/www.facebook.com\/FiestaClasica\/\" \/>\n<meta property=\"article:modified_time\" content=\"2023-04-10T16:15:09+00:00\" \/>\n<meta name=\"twitter:card\" content=\"summary_large_image\" \/>\n<meta name=\"twitter:site\" content=\"@fiestaclasica\" \/>\n<meta name=\"twitter:label1\" content=\"Est. reading time\" \/>\n\t<meta name=\"twitter:data1\" content=\"2 minutes\" \/>\n<script type=\"application\/ld+json\" class=\"yoast-schema-graph\">{\"@context\":\"https:\/\/schema.org\",\"@graph\":[{\"@type\":\"WebPage\",\"@id\":\"https:\/\/www.fiestaclasica.org\/en\/engagements\/\",\"url\":\"https:\/\/www.fiestaclasica.org\/en\/engagements\/\",\"name\":\"Engagements - Fiesta Clasica\",\"isPartOf\":{\"@id\":\"https:\/\/www.fiestaclasica.org\/#website\"},\"datePublished\":\"2018-06-29T00:13:00+00:00\",\"dateModified\":\"2023-04-10T16:15:09+00:00\",\"breadcrumb\":{\"@id\":\"https:\/\/www.fiestaclasica.org\/en\/engagements\/#breadcrumb\"},\"inLanguage\":\"en-US\",\"potentialAction\":[{\"@type\":\"ReadAction\",\"target\":[\"https:\/\/www.fiestaclasica.org\/en\/engagements\/\"]}]},{\"@type\":\"BreadcrumbList\",\"@id\":\"https:\/\/www.fiestaclasica.org\/en\/engagements\/#breadcrumb\",\"itemListElement\":[{\"@type\":\"ListItem\",\"position\":1,\"name\":\"Portada\",\"item\":\"https:\/\/www.fiestaclasica.org\/en\/\"},{\"@type\":\"ListItem\",\"position\":2,\"name\":\"Engagements\"}]},{\"@type\":\"WebSite\",\"@id\":\"https:\/\/www.fiestaclasica.org\/#website\",\"url\":\"https:\/\/www.fiestaclasica.org\/\",\"name\":\"Fiesta Clasica\",\"description\":\"Fiesta Clasica\",\"publisher\":{\"@id\":\"https:\/\/www.fiestaclasica.org\/#organization\"},\"potentialAction\":[{\"@type\":\"SearchAction\",\"target\":{\"@type\":\"EntryPoint\",\"urlTemplate\":\"https:\/\/www.fiestaclasica.org\/?s={search_term_string}\"},\"query-input\":\"required name=search_term_string\"}],\"inLanguage\":\"en-US\"},{\"@type\":\"Organization\",\"@id\":\"https:\/\/www.fiestaclasica.org\/#organization\",\"name\":\"fiesta clasica\",\"url\":\"https:\/\/www.fiestaclasica.org\/\",\"logo\":{\"@type\":\"ImageObject\",\"inLanguage\":\"en-US\",\"@id\":\"https:\/\/www.fiestaclasica.org\/#\/schema\/logo\/image\/\",\"url\":\"https:\/\/www.fiestaclasica.org\/wp-content\/uploads\/2016\/04\/logo-FC-prensa.jpg\",\"contentUrl\":\"https:\/\/www.fiestaclasica.org\/wp-content\/uploads\/2016\/04\/logo-FC-prensa.jpg\",\"width\":449,\"height\":261,\"caption\":\"fiesta clasica\"},\"image\":{\"@id\":\"https:\/\/www.fiestaclasica.org\/#\/schema\/logo\/image\/\"},\"sameAs\":[\"https:\/\/www.facebook.com\/FiestaClasica\/\",\"https:\/\/twitter.com\/fiestaclasica\",\"https:\/\/www.instagram.com\/fiestaclasica\/\",\"https:\/\/www.youtube.com\/channel\/UCt82JYKhPM3Th7pNLCA7-xw\"]}]}<\/script>\n<!-- \/ Yoast SEO plugin. -->","yoast_head_json":{"title":"Engagements - Fiesta Clasica","robots":{"index":"index","follow":"follow","max-snippet":"max-snippet:-1","max-image-preview":"max-image-preview:large","max-video-preview":"max-video-preview:-1"},"canonical":"https:\/\/www.fiestaclasica.org\/en\/engagements\/","og_locale":"en_US","og_type":"article","og_title":"Engagements - Fiesta Clasica","og_description":"[vc_row center_row=&#8221;yes&#8221;][vc_column][vc_raw_js]JTNDc2NyaXB0JTIwdHlwZSUzRCUyMnRleHQlMkZqYXZhc2NyaXB0JTIyJTNFJTBBZG9jdW1lbnQuZ2V0RWxlbWVudEJ5SWQlMjglMjJvdXRlci13cmFwJTIyJTI5LmNsYXNzTmFtZSUyMCUzRCUyMCUyMnBhZ2UtY3VzdG9tJTIwcGFnZS1jb21wcm9taXNvcyUyMiUzQiUwQSUzQyUyRnNjcmlwdCUzRQ==[\/vc_raw_js][vc_column_text]The top priority of the Foundation Fiesta Cl\u00e1sica is to help restoring confidence and hope and promote social inclusi\u00f3n of the most vulnerable children of the Colonial Zone of Santo Domingo, using collective music teaching. In concrete terms, that means that every day we welcome in our center children from the age of 5&hellip;","og_url":"https:\/\/www.fiestaclasica.org\/en\/engagements\/","og_site_name":"Fiesta Clasica","article_publisher":"https:\/\/www.facebook.com\/FiestaClasica\/","article_modified_time":"2023-04-10T16:15:09+00:00","twitter_card":"summary_large_image","twitter_site":"@fiestaclasica","twitter_misc":{"Est. reading time":"2 minutes"},"schema":{"@context":"https:\/\/schema.org","@graph":[{"@type":"WebPage","@id":"https:\/\/www.fiestaclasica.org\/en\/engagements\/","url":"https:\/\/www.fiestaclasica.org\/en\/engagements\/","name":"Engagements - Fiesta Clasica","isPartOf":{"@id":"https:\/\/www.fiestaclasica.org\/#website"},"datePublished":"2018-06-29T00:13:00+00:00","dateModified":"2023-04-10T16:15:09+00:00","breadcrumb":{"@id":"https:\/\/www.fiestaclasica.org\/en\/engagements\/#breadcrumb"},"inLanguage":"en-US","potentialAction":[{"@type":"ReadAction","target":["https:\/\/www.fiestaclasica.org\/en\/engagements\/"]}]},{"@type":"BreadcrumbList","@id":"https:\/\/www.fiestaclasica.org\/en\/engagements\/#breadcrumb","itemListElement":[{"@type":"ListItem","position":1,"name":"Portada","item":"https:\/\/www.fiestaclasica.org\/en\/"},{"@type":"ListItem","position":2,"name":"Engagements"}]},{"@type":"WebSite","@id":"https:\/\/www.fiestaclasica.org\/#website","url":"https:\/\/www.fiestaclasica.org\/","name":"Fiesta Clasica","description":"Fiesta Clasica","publisher":{"@id":"https:\/\/www.fiestaclasica.org\/#organization"},"potentialAction":[{"@type":"SearchAction","target":{"@type":"EntryPoint","urlTemplate":"https:\/\/www.fiestaclasica.org\/?s={search_term_string}"},"query-input":"required name=search_term_string"}],"inLanguage":"en-US"},{"@type":"Organization","@id":"https:\/\/www.fiestaclasica.org\/#organization","name":"fiesta clasica","url":"https:\/\/www.fiestaclasica.org\/","logo":{"@type":"ImageObject","inLanguage":"en-US","@id":"https:\/\/www.fiestaclasica.org\/#\/schema\/logo\/image\/","url":"https:\/\/www.fiestaclasica.org\/wp-content\/uploads\/2016\/04\/logo-FC-prensa.jpg","contentUrl":"https:\/\/www.fiestaclasica.org\/wp-content\/uploads\/2016\/04\/logo-FC-prensa.jpg","width":449,"height":261,"caption":"fiesta clasica"},"image":{"@id":"https:\/\/www.fiestaclasica.org\/#\/schema\/logo\/image\/"},"sameAs":["https:\/\/www.facebook.com\/FiestaClasica\/","https:\/\/twitter.com\/fiestaclasica","https:\/\/www.instagram.com\/fiestaclasica\/","https:\/\/www.youtube.com\/channel\/UCt82JYKhPM3Th7pNLCA7-xw"]}]}},"_links":{"self":[{"href":"https:\/\/www.fiestaclasica.org\/en\/wp-json\/wp\/v2\/pages\/3796\/"}],"collection":[{"href":"https:\/\/www.fiestaclasica.org\/en\/wp-json\/wp\/v2\/pages\/"}],"about":[{"href":"https:\/\/www.fiestaclasica.org\/en\/wp-json\/wp\/v2\/types\/page\/"}],"author":[{"embeddable":true,"href":"https:\/\/www.fiestaclasica.org\/en\/wp-json\/wp\/v2\/users\/1\/"}],"replies":[{"embeddable":true,"href":"https:\/\/www.fiestaclasica.org\/en\/wp-json\/wp\/v2\/comments\/?post=3796"}],"version-history":[{"count":14,"href":"https:\/\/www.fiestaclasica.org\/en\/wp-json\/wp\/v2\/pages\/3796\/revisions\/"}],"predecessor-version":[{"id":12741,"href":"https:\/\/www.fiestaclasica.org\/en\/wp-json\/wp\/v2\/pages\/3796\/revisions\/12741\/"}],"wp:attachment":[{"href":"https:\/\/www.fiestaclasica.org\/en\/wp-json\/wp\/v2\/media\/?parent=3796"}],"wp:term":[{"taxonomy":"category","embeddable":true,"href":"https:\/\/www.fiestaclasica.org\/en\/wp-json\/wp\/v2\/categories\/?post=3796"},{"taxonomy":"post_tag","embeddable":true,"href":"https:\/\/www.fiestaclasica.org\/en\/wp-json\/wp\/v2\/tags\/?post=3796"}],"curies":[{"name":"wp","href":"https:\/\/api.w.org\/{rel}","templated":true}]}}